{"id":1373,"date":"2021-09-13T09:21:35","date_gmt":"2021-09-13T09:21:35","guid":{"rendered":"http:\/\/dev.agraliagroup.com\/mallas-de-sombreo\/"},"modified":"2021-11-01T18:08:24","modified_gmt":"2021-11-01T18:08:24","slug":"filets-ombrage","status":"publish","type":"page","link":"https:\/\/dev.agraliagroup.com\/fr\/filets-ombrage\/","title":{"rendered":"Mallas de sombreo FR"},"content":{"rendered":"\t\t<div data-elementor-type=\"wp-page\" data-elementor-id=\"1373\" class=\"elementor elementor-1373\" data-elementor-post-type=\"page\">\n\t\t\t\t\t\t<section class=\"elementor-section elementor-top-section elementor-element elementor-element-34ba78d2 elementor-section-height-min-height elementor-section-boxed elementor-section-height-default elementor-section-items-middle\" data-id=\"34ba78d2\" data-element_type=\"section\" data-settings=\"{&quot;background_background&quot;:&quot;classic&quot;}\">\n\t\t\t\t\t\t<div class=\"elementor-container elementor-column-gap-default\">\n\t\t\t\t\t<div class=\"elementor-column elementor-col-50 elementor-top-column elementor-element elementor-element-87be7ca\" data-id=\"87be7ca\" data-element_type=\"column\">\n\t\t\t<div class=\"elementor-widget-wrap\">\n\t\t\t\t\t\t\t<\/div>\n\t\t<\/div>\n\t\t\t\t<div class=\"elementor-column elementor-col-50 elementor-top-column elementor-element elementor-element-2966f319\" data-id=\"2966f319\" data-element_type=\"column\">\n\t\t\t<div class=\"elementor-widget-wrap\">\n\t\t\t\t\t\t\t<\/div>\n\t\t<\/div>\n\t\t\t\t\t<\/div>\n\t\t<\/section>\n\t\t\t\t<section class=\"elementor-section elementor-top-section elementor-element elementor-element-2a9b279 elementor-section-boxed elementor-section-height-default elementor-section-height-default\" data-id=\"2a9b279\" data-element_type=\"section\">\n\t\t\t\t\t\t<div class=\"elementor-container elementor-column-gap-default\">\n\t\t\t\t\t<div class=\"elementor-column elementor-col-50 elementor-top-column elementor-element elementor-element-e4863b8\" data-id=\"e4863b8\" data-element_type=\"column\">\n\t\t\t<div class=\"elementor-widget-wrap elementor-element-populated\">\n\t\t\t\t\t\t<div class=\"elementor-element elementor-element-3961e5dc elementor-widget elementor-widget-heading\" data-id=\"3961e5dc\" data-element_type=\"widget\" data-widget_type=\"heading.default\">\n\t\t\t\t<div class=\"elementor-widget-container\">\n\t\t\t\t\t<h1 class=\"elementor-heading-title elementor-size-default\">Filets d\u2019ombrage<\/h1>\t\t\t\t<\/div>\n\t\t\t\t<\/div>\n\t\t\t\t<div class=\"elementor-element elementor-element-b9128cc elementor-widget elementor-widget-text-editor\" data-id=\"b9128cc\" data-element_type=\"widget\" data-widget_type=\"text-editor.default\">\n\t\t\t\t<div class=\"elementor-widget-container\">\n\t\t\t\t\t\t\t\t\t<p>Les filets d\u2019ombrage sont sp\u00e9cialement con\u00e7us pour <strong>prot\u00e9ger les cultures de la lumi\u00e8re directe du soleil<\/strong>, pour doser la quantit\u00e9 de lumi\u00e8re qui atteint les plantes et pour contr\u00f4ler plus efficacement la temp\u00e9rature.<\/p><p>Cela donne de meilleurs r\u00e9sultats dans le d\u00e9veloppement des cultures.<\/p>\t\t\t\t\t\t\t\t<\/div>\n\t\t\t\t<\/div>\n\t\t\t\t<div class=\"elementor-element elementor-element-17b9b11 elementor-widget elementor-widget-heading\" data-id=\"17b9b11\" data-element_type=\"widget\" data-widget_type=\"heading.default\">\n\t\t\t\t<div class=\"elementor-widget-container\">\n\t\t\t\t\t<h2 class=\"elementor-heading-title elementor-size-default\">L\u2019usage des filets d\u2019ombrage<\/h2>\t\t\t\t<\/div>\n\t\t\t\t<\/div>\n\t\t\t\t<div class=\"elementor-element elementor-element-fe1ae63 elementor-widget elementor-widget-text-editor\" data-id=\"fe1ae63\" data-element_type=\"widget\" data-widget_type=\"text-editor.default\">\n\t\t\t\t<div class=\"elementor-widget-container\">\n\t\t\t\t\t\t\t\t\t<p>Les <strong>filets d&rsquo;ombrage peuvent \u00eatre utilis\u00e9s dans les serres<\/strong>, pour am\u00e9liorer les conditions de croissance de certaines plantes et pour prot\u00e9ger les lieux de travail expos\u00e9s \u00e0 de longues heures de soleil.<\/p><p>Une autre utilisation courante des filets d&rsquo;ombrage est la <strong>protection du b\u00e9tail<\/strong>. Dans certaines zones g\u00e9ographiques, les temp\u00e9ratures peuvent atteindre des temp\u00e9ratures qui affectent les animaux pendant les saisons les plus chaudes, donc avec cette simple action une structure d&rsquo;ombrage est construite pour leur protection.<\/p>\t\t\t\t\t\t\t\t<\/div>\n\t\t\t\t<\/div>\n\t\t\t\t<div class=\"elementor-element elementor-element-84fcae0 elementor-widget elementor-widget-button\" data-id=\"84fcae0\" data-element_type=\"widget\" data-widget_type=\"button.default\">\n\t\t\t\t<div class=\"elementor-widget-container\">\n\t\t\t\t\t\t\t\t\t<div class=\"elementor-button-wrapper\">\n\t\t\t\t\t<a class=\"elementor-button elementor-button-link elementor-size-sm\" href=\"#asesoramiento\">\n\t\t\t\t\t\t<span class=\"elementor-button-content-wrapper\">\n\t\t\t\t\t\t\t\t\t<span class=\"elementor-button-text\">Je souhaite m\u2019informer<\/span>\n\t\t\t\t\t<\/span>\n\t\t\t\t\t<\/a>\n\t\t\t\t<\/div>\n\t\t\t\t\t\t\t\t<\/div>\n\t\t\t\t<\/div>\n\t\t\t\t\t<\/div>\n\t\t<\/div>\n\t\t\t\t<div class=\"elementor-column elementor-col-50 elementor-top-column elementor-element elementor-element-e7f1e65\" data-id=\"e7f1e65\" data-element_type=\"column\" data-settings=\"{&quot;background_background&quot;:&quot;classic&quot;}\">\n\t\t\t<div class=\"elementor-widget-wrap\">\n\t\t\t\t\t\t\t<\/div>\n\t\t<\/div>\n\t\t\t\t\t<\/div>\n\t\t<\/section>\n\t\t\t\t<section class=\"elementor-section elementor-top-section elementor-element elementor-element-dc7025f elementor-section-boxed elementor-section-height-default elementor-section-height-default\" data-id=\"dc7025f\" data-element_type=\"section\" data-settings=\"{&quot;background_background&quot;:&quot;classic&quot;}\">\n\t\t\t\t\t\t<div class=\"elementor-container elementor-column-gap-default\">\n\t\t\t\t\t<div class=\"elementor-column elementor-col-50 elementor-top-column elementor-element elementor-element-04d579b\" data-id=\"04d579b\" data-element_type=\"column\">\n\t\t\t<div class=\"elementor-widget-wrap elementor-element-populated\">\n\t\t\t\t\t\t<div class=\"elementor-element elementor-element-c896818 elementor-widget elementor-widget-image\" data-id=\"c896818\" data-element_type=\"widget\" data-widget_type=\"image.default\">\n\t\t\t\t<div class=\"elementor-widget-container\">\n\t\t\t\t\t\t\t\t\t\t\t\t\t\t\t<img fetchpriority=\"high\" decoding=\"async\" width=\"787\" height=\"525\" src=\"https:\/\/dev.agraliagroup.com\/wp-content\/uploads\/2021\/09\/Agrishade-RR-50.jpg\" class=\"attachment-large size-large wp-image-210\" alt=\"\" srcset=\"https:\/\/dev.agraliagroup.com\/wp-content\/uploads\/2021\/09\/Agrishade-RR-50.jpg 787w, https:\/\/dev.agraliagroup.com\/wp-content\/uploads\/2021\/09\/Agrishade-RR-50-300x200.jpg 300w, https:\/\/dev.agraliagroup.com\/wp-content\/uploads\/2021\/09\/Agrishade-RR-50-768x512.jpg 768w\" sizes=\"(max-width: 787px) 100vw, 787px\" \/>\t\t\t\t\t\t\t\t\t\t\t\t\t\t\t<\/div>\n\t\t\t\t<\/div>\n\t\t\t\t\t<\/div>\n\t\t<\/div>\n\t\t\t\t<div class=\"elementor-column elementor-col-50 elementor-top-column elementor-element elementor-element-fa3a984\" data-id=\"fa3a984\" data-element_type=\"column\">\n\t\t\t<div class=\"elementor-widget-wrap elementor-element-populated\">\n\t\t\t\t\t\t<div class=\"elementor-element elementor-element-c681b57 elementor-widget elementor-widget-heading\" data-id=\"c681b57\" data-element_type=\"widget\" data-widget_type=\"heading.default\">\n\t\t\t\t<div class=\"elementor-widget-container\">\n\t\t\t\t\t<h2 class=\"elementor-heading-title elementor-size-default\">Nous sommes des fabricants de filets d\u2019ombrage innovants<\/h2>\t\t\t\t<\/div>\n\t\t\t\t<\/div>\n\t\t\t\t<div class=\"elementor-element elementor-element-0da7bfd elementor-widget elementor-widget-text-editor\" data-id=\"0da7bfd\" data-element_type=\"widget\" data-widget_type=\"text-editor.default\">\n\t\t\t\t<div class=\"elementor-widget-container\">\n\t\t\t\t\t\t\t\t\t<div class=\"h-text h-text-component style-2706 style-local-6782-c19 position-relative h-element\" data-colibri-id=\"6782-c19\"><div class=\"\"><p>Chez Agralia, nous avons un fort engagement envers l&rsquo;innovation et le d\u00e9veloppement de produits agrotextiles plus efficaces pour les agriculteurs et les producteurs. Cette valeur nous permet de vous proposer des mailles d&rsquo;ombrage d&rsquo;une grande durabilit\u00e9, \u00e9vitant ainsi de devoir changer vos filets toutes les quelques ann\u00e9es.<\/p><\/div><\/div><div class=\"h-text h-text-component style-2716 style-local-6782-c20 position-relative h-element\" data-colibri-id=\"6782-c20\"><div class=\"\"><p><a href=\"\/fr\/agrishade-rr-mr\" target=\"_blank\" rel=\"noopener\"><strong><span style=\"color: #68af15;\"><u>AGRISHADE<\/u>\u00a0<\/span><\/strong><\/a>. Il s&rsquo;agit d&rsquo;un filet tr\u00e8s durable, parfait pour les serres ou l&rsquo;ext\u00e9rieur.<\/p><p><a href=\"\/fr\/agrifresh-nt\" target=\"_blank\" rel=\"noopener\"><strong><span style=\"color: #68af15;\"><u>AGRIFRESH MT<\/u>\u00a0<\/span><\/strong><\/a>. C\u2019est un filet d\u2019ombrage en aluminium, qui r\u00e9duit le rayonnement thermique et am\u00e9liore la qualit\u00e9 des cultures. Il s&rsquo;agit d&rsquo;un produit brevet\u00e9.<\/p><\/div><\/div>\t\t\t\t\t\t\t\t<\/div>\n\t\t\t\t<\/div>\n\t\t\t\t\t<\/div>\n\t\t<\/div>\n\t\t\t\t\t<\/div>\n\t\t<\/section>\n\t\t\t\t<section class=\"elementor-section elementor-top-section elementor-element elementor-element-439971ed elementor-section-boxed elementor-section-height-default elementor-section-height-default\" data-id=\"439971ed\" data-element_type=\"section\" data-settings=\"{&quot;background_background&quot;:&quot;classic&quot;,&quot;background_motion_fx_motion_fx_scrolling&quot;:&quot;yes&quot;,&quot;background_motion_fx_translateY_effect&quot;:&quot;yes&quot;,&quot;background_motion_fx_translateY_speed&quot;:{&quot;unit&quot;:&quot;px&quot;,&quot;size&quot;:4,&quot;sizes&quot;:[]},&quot;background_motion_fx_translateY_affectedRange&quot;:{&quot;unit&quot;:&quot;%&quot;,&quot;size&quot;:&quot;&quot;,&quot;sizes&quot;:{&quot;start&quot;:0,&quot;end&quot;:100}},&quot;background_motion_fx_devices&quot;:[&quot;desktop&quot;,&quot;tablet&quot;,&quot;mobile&quot;]}\">\n\t\t\t\t\t\t\t<div class=\"elementor-background-overlay\"><\/div>\n\t\t\t\t\t\t\t<div class=\"elementor-container elementor-column-gap-default\">\n\t\t\t\t\t<div class=\"elementor-column elementor-col-50 elementor-top-column elementor-element elementor-element-72eb8ce4\" data-id=\"72eb8ce4\" data-element_type=\"column\" data-settings=\"{&quot;background_background&quot;:&quot;classic&quot;}\">\n\t\t\t<div class=\"elementor-widget-wrap elementor-element-populated\">\n\t\t\t\t\t\t<div class=\"elementor-element elementor-element-2172fca4 elementor-widget elementor-widget-text-editor\" data-id=\"2172fca4\" data-element_type=\"widget\" data-widget_type=\"text-editor.default\">\n\t\t\t\t<div class=\"elementor-widget-container\">\n\t\t\t\t\t\t\t\t\t<p>Formulaire de contact<\/p>\t\t\t\t\t\t\t\t<\/div>\n\t\t\t\t<\/div>\n\t\t\t\t<div class=\"elementor-element elementor-element-74243222 elementor-view-framed elementor-shape-circle elementor-widget elementor-widget-icon\" data-id=\"74243222\" data-element_type=\"widget\" data-widget_type=\"icon.default\">\n\t\t\t\t<div class=\"elementor-widget-container\">\n\t\t\t\t\t\t\t<div class=\"elementor-icon-wrapper\">\n\t\t\t<div class=\"elementor-icon\">\n\t\t\t<i aria-hidden=\"true\" class=\"fas fa-binoculars\"><\/i>\t\t\t<\/div>\n\t\t<\/div>\n\t\t\t\t\t\t<\/div>\n\t\t\t\t<\/div>\n\t\t\t\t\t<\/div>\n\t\t<\/div>\n\t\t\t\t<div class=\"elementor-column elementor-col-50 elementor-top-column elementor-element elementor-element-7b012020\" data-id=\"7b012020\" data-element_type=\"column\" data-settings=\"{&quot;background_background&quot;:&quot;classic&quot;}\">\n\t\t\t<div class=\"elementor-widget-wrap elementor-element-populated\">\n\t\t\t\t\t\t<div class=\"elementor-element elementor-element-38af363 elementor-widget elementor-widget-heading\" data-id=\"38af363\" data-element_type=\"widget\" id=\"asesoramiento\" data-widget_type=\"heading.default\">\n\t\t\t\t<div class=\"elementor-widget-container\">\n\t\t\t\t\t<h2 class=\"elementor-heading-title elementor-size-default\">Avez-vous besoin de conseils?<\/h2>\t\t\t\t<\/div>\n\t\t\t\t<\/div>\n\t\t\t\t<div class=\"elementor-element elementor-element-7b010ed elementor-widget elementor-widget-text-editor\" data-id=\"7b010ed\" data-element_type=\"widget\" data-widget_type=\"text-editor.default\">\n\t\t\t\t<div class=\"elementor-widget-container\">\n\t\t\t\t\t\t\t\t\t<p>Remplissez le formulaire de contact et notre \u00e9quipe r\u00e9pondra \u00e0 vos questions et \u00e0 vos besoins de mani\u00e8re personnalis\u00e9e.<\/p>\t\t\t\t\t\t\t\t<\/div>\n\t\t\t\t<\/div>\n\t\t\t\t<div class=\"elementor-element elementor-element-4945a4a1 elementor-button-align-end elementor-widget elementor-widget-form\" data-id=\"4945a4a1\" data-element_type=\"widget\" data-settings=\"{&quot;step_next_label&quot;:&quot;Next&quot;,&quot;step_previous_label&quot;:&quot;Previous&quot;,&quot;button_width&quot;:&quot;100&quot;,&quot;step_type&quot;:&quot;number_text&quot;,&quot;step_icon_shape&quot;:&quot;circle&quot;}\" data-widget_type=\"form.default\">\n\t\t\t\t<div class=\"elementor-widget-container\">\n\t\t\t\t\t\t\t<form class=\"elementor-form\" method=\"post\" name=\"New Form\" aria-label=\"New Form\">\n\t\t\t<input type=\"hidden\" name=\"post_id\" value=\"1373\"\/>\n\t\t\t<input type=\"hidden\" name=\"form_id\" value=\"4945a4a1\"\/>\n\t\t\t<input type=\"hidden\" name=\"referer_title\" value=\"Filets d&#039;ombrage | Plus solides et plus durables - Agralia Group\" \/>\n\n\t\t\t\t\t\t\t<input type=\"hidden\" name=\"queried_id\" value=\"1373\"\/>\n\t\t\t\n\t\t\t<div class=\"elementor-form-fields-wrapper elementor-labels-above\">\n\t\t\t\t\t\t\t\t<div class=\"elementor-field-type-text elementor-field-group elementor-column elementor-field-group-name elementor-col-100 elementor-field-required\">\n\t\t\t\t\t\t\t\t\t\t\t\t<label for=\"form-field-name\" class=\"elementor-field-label\">\n\t\t\t\t\t\t\t\tNom (Obligatoire)\t\t\t\t\t\t\t<\/label>\n\t\t\t\t\t\t\t\t\t\t\t\t\t\t<input size=\"1\" type=\"text\" name=\"form_fields[name]\" id=\"form-field-name\" class=\"elementor-field elementor-size-sm  elementor-field-textual\" required=\"required\">\n\t\t\t\t\t\t\t\t\t\t\t<\/div>\n\t\t\t\t\t\t\t\t<div class=\"elementor-field-type-email elementor-field-group elementor-column elementor-field-group-email elementor-col-100 elementor-field-required\">\n\t\t\t\t\t\t\t\t\t\t\t\t<label for=\"form-field-email\" class=\"elementor-field-label\">\n\t\t\t\t\t\t\t\tCourrier (Obligatoire)\t\t\t\t\t\t\t<\/label>\n\t\t\t\t\t\t\t\t\t\t\t\t\t\t<input size=\"1\" type=\"email\" name=\"form_fields[email]\" id=\"form-field-email\" class=\"elementor-field elementor-size-sm  elementor-field-textual\" required=\"required\">\n\t\t\t\t\t\t\t\t\t\t\t<\/div>\n\t\t\t\t\t\t\t\t<div class=\"elementor-field-type-number elementor-field-group elementor-column elementor-field-group-field_0a5665b elementor-col-100\">\n\t\t\t\t\t\t\t\t\t\t\t\t<label for=\"form-field-field_0a5665b\" class=\"elementor-field-label\">\n\t\t\t\t\t\t\t\tT\u00e9l\u00e9phone (Obligatoire)\t\t\t\t\t\t\t<\/label>\n\t\t\t\t\t\t\t\t\t<input type=\"number\" name=\"form_fields[field_0a5665b]\" id=\"form-field-field_0a5665b\" class=\"elementor-field elementor-size-sm  elementor-field-textual\" min=\"\" max=\"\" >\n\t\t\t\t\t\t<\/div>\n\t\t\t\t\t\t\t\t<div class=\"elementor-field-type-text elementor-field-group elementor-column elementor-field-group-field_1548e75 elementor-col-100\">\n\t\t\t\t\t\t\t\t\t\t\t\t<label for=\"form-field-field_1548e75\" class=\"elementor-field-label\">\n\t\t\t\t\t\t\t\tSujet\t\t\t\t\t\t\t<\/label>\n\t\t\t\t\t\t\t\t\t\t\t\t\t\t<input size=\"1\" type=\"text\" name=\"form_fields[field_1548e75]\" id=\"form-field-field_1548e75\" class=\"elementor-field elementor-size-sm  elementor-field-textual\">\n\t\t\t\t\t\t\t\t\t\t\t<\/div>\n\t\t\t\t\t\t\t\t<div class=\"elementor-field-type-textarea elementor-field-group elementor-column elementor-field-group-message elementor-col-100\">\n\t\t\t\t\t\t\t\t\t\t\t\t<label for=\"form-field-message\" class=\"elementor-field-label\">\n\t\t\t\t\t\t\t\tVotre message\t\t\t\t\t\t\t<\/label>\n\t\t\t\t\t\t<textarea class=\"elementor-field-textual elementor-field  elementor-size-sm\" name=\"form_fields[message]\" id=\"form-field-message\" rows=\"4\"><\/textarea>\t\t\t\t<\/div>\n\t\t\t\t\t\t\t\t<div class=\"elementor-field-group elementor-column elementor-field-type-submit elementor-col-100 e-form__buttons\">\n\t\t\t\t\t<button class=\"elementor-button elementor-size-sm\" type=\"submit\">\n\t\t\t\t\t\t<span class=\"elementor-button-content-wrapper\">\n\t\t\t\t\t\t\t\t\t\t\t\t\t\t\t\t\t\t\t\t\t\t<span class=\"elementor-button-text\">Envoyer<\/span>\n\t\t\t\t\t\t\t\t\t\t\t\t\t<\/span>\n\t\t\t\t\t<\/button>\n\t\t\t\t<\/div>\n\t\t\t<\/div>\n\t\t<\/form>\n\t\t\t\t\t\t<\/div>\n\t\t\t\t<\/div>\n\t\t\t\t\t<\/div>\n\t\t<\/div>\n\t\t\t\t\t<\/div>\n\t\t<\/section>\n\t\t\t\t<\/div>\n\t\t","protected":false},"excerpt":{"rendered":"<p>Filets d\u2019ombrage Les filets d\u2019ombrage sont sp\u00e9cialement con\u00e7us pour prot\u00e9ger les cultures de la lumi\u00e8re directe du soleil, pour doser la quantit\u00e9 de lumi\u00e8re qui atteint les plantes et pour contr\u00f4ler plus efficacement la temp\u00e9rature. Cela donne de meilleurs r\u00e9sultats dans le d\u00e9veloppement des cultures. L\u2019usage des filets d\u2019ombrage Les filets d&rsquo;ombrage peuvent \u00eatre utilis\u00e9s &#8230; <a title=\"Mallas de sombreo FR\" class=\"read-more\" href=\"https:\/\/dev.agraliagroup.com\/fr\/filets-ombrage\/\" aria-label=\"En savoir plus sur Mallas de sombreo FR\">Lire la suite<\/a><\/p>\n","protected":false},"author":1,"featured_media":0,"parent":0,"menu_order":0,"comment_status":"closed","ping_status":"closed","template":"","meta":{"footnotes":""},"class_list":["post-1373","page","type-page","status-publish"],"yoast_head":"<!-- This site is optimized with the Yoast SEO plugin v26.2 - https:\/\/yoast.com\/wordpress\/plugins\/seo\/ -->\n<title>Filets d&#039;ombrage | Plus solides et plus durables - Agralia Group<\/title>\n<meta name=\"description\" content=\"Obtenez les meilleurs filets d&#039;ombrage gr\u00e2ce \u00e0 la technologie brevet\u00e9e du groupe Agralia. Obtenez de meilleurs r\u00e9sultats dans votre production.\" \/>\n<meta name=\"robots\" content=\"index, follow, max-snippet:-1, max-image-preview:large, max-video-preview:-1\" \/>\n<link rel=\"canonical\" href=\"https:\/\/dev.agraliagroup.com\/fr\/filets-ombrage\/\" \/>\n<meta property=\"og:locale\" content=\"fr_FR\" \/>\n<meta property=\"og:type\" content=\"article\" \/>\n<meta property=\"og:title\" content=\"Filets d&#039;ombrage | Plus solides et plus durables - Agralia Group\" \/>\n<meta property=\"og:description\" content=\"Obtenez les meilleurs filets d&#039;ombrage gr\u00e2ce \u00e0 la technologie brevet\u00e9e du groupe Agralia. Obtenez de meilleurs r\u00e9sultats dans votre production.\" \/>\n<meta property=\"og:url\" content=\"https:\/\/dev.agraliagroup.com\/fr\/filets-ombrage\/\" \/>\n<meta property=\"og:site_name\" content=\"Agralia Group\" \/>\n<meta property=\"article:modified_time\" content=\"2021-11-01T18:08:24+00:00\" \/>\n<meta property=\"og:image\" content=\"http:\/\/dev.agraliagroup.com\/wp-content\/uploads\/2021\/09\/Agrishade-RR-50.jpg\" \/>\n<meta name=\"twitter:card\" content=\"summary_large_image\" \/>\n<meta name=\"twitter:label1\" content=\"Dur\u00e9e de lecture estim\u00e9e\" \/>\n\t<meta name=\"twitter:data1\" content=\"2 minutes\" \/>\n<script type=\"application\/ld+json\" class=\"yoast-schema-graph\">{\"@context\":\"https:\/\/schema.org\",\"@graph\":[{\"@type\":\"WebPage\",\"@id\":\"https:\/\/dev.agraliagroup.com\/fr\/filets-ombrage\/\",\"url\":\"https:\/\/dev.agraliagroup.com\/fr\/filets-ombrage\/\",\"name\":\"Filets d'ombrage | Plus solides et plus durables - Agralia Group\",\"isPartOf\":{\"@id\":\"https:\/\/dev.agraliagroup.com\/#website\"},\"primaryImageOfPage\":{\"@id\":\"https:\/\/dev.agraliagroup.com\/fr\/filets-ombrage\/#primaryimage\"},\"image\":{\"@id\":\"https:\/\/dev.agraliagroup.com\/fr\/filets-ombrage\/#primaryimage\"},\"thumbnailUrl\":\"http:\/\/dev.agraliagroup.com\/wp-content\/uploads\/2021\/09\/Agrishade-RR-50.jpg\",\"datePublished\":\"2021-09-13T09:21:35+00:00\",\"dateModified\":\"2021-11-01T18:08:24+00:00\",\"description\":\"Obtenez les meilleurs filets d'ombrage gr\u00e2ce \u00e0 la technologie brevet\u00e9e du groupe Agralia. Obtenez de meilleurs r\u00e9sultats dans votre production.\",\"breadcrumb\":{\"@id\":\"https:\/\/dev.agraliagroup.com\/fr\/filets-ombrage\/#breadcrumb\"},\"inLanguage\":\"fr-FR\",\"potentialAction\":[{\"@type\":\"ReadAction\",\"target\":[\"https:\/\/dev.agraliagroup.com\/fr\/filets-ombrage\/\"]}]},{\"@type\":\"ImageObject\",\"inLanguage\":\"fr-FR\",\"@id\":\"https:\/\/dev.agraliagroup.com\/fr\/filets-ombrage\/#primaryimage\",\"url\":\"http:\/\/dev.agraliagroup.com\/wp-content\/uploads\/2021\/09\/Agrishade-RR-50.jpg\",\"contentUrl\":\"http:\/\/dev.agraliagroup.com\/wp-content\/uploads\/2021\/09\/Agrishade-RR-50.jpg\"},{\"@type\":\"BreadcrumbList\",\"@id\":\"https:\/\/dev.agraliagroup.com\/fr\/filets-ombrage\/#breadcrumb\",\"itemListElement\":[{\"@type\":\"ListItem\",\"position\":1,\"name\":\"Portada\",\"item\":\"https:\/\/dev.agraliagroup.com\/fr\/\"},{\"@type\":\"ListItem\",\"position\":2,\"name\":\"Mallas de sombreo FR\"}]},{\"@type\":\"WebSite\",\"@id\":\"https:\/\/dev.agraliagroup.com\/#website\",\"url\":\"https:\/\/dev.agraliagroup.com\/\",\"name\":\"Agralia Group\",\"description\":\"Protecting crops\",\"publisher\":{\"@id\":\"https:\/\/dev.agraliagroup.com\/#organization\"},\"potentialAction\":[{\"@type\":\"SearchAction\",\"target\":{\"@type\":\"EntryPoint\",\"urlTemplate\":\"https:\/\/dev.agraliagroup.com\/?s={search_term_string}\"},\"query-input\":{\"@type\":\"PropertyValueSpecification\",\"valueRequired\":true,\"valueName\":\"search_term_string\"}}],\"inLanguage\":\"fr-FR\"},{\"@type\":\"Organization\",\"@id\":\"https:\/\/dev.agraliagroup.com\/#organization\",\"name\":\"Agralia Group\",\"url\":\"https:\/\/dev.agraliagroup.com\/\",\"logo\":{\"@type\":\"ImageObject\",\"inLanguage\":\"fr-FR\",\"@id\":\"https:\/\/dev.agraliagroup.com\/#\/schema\/logo\/image\/\",\"url\":\"http:\/\/dev.agraliagroup.com\/wp-content\/uploads\/2021\/09\/logoico.png\",\"contentUrl\":\"http:\/\/dev.agraliagroup.com\/wp-content\/uploads\/2021\/09\/logoico.png\",\"width\":350,\"height\":130,\"caption\":\"Agralia Group\"},\"image\":{\"@id\":\"https:\/\/dev.agraliagroup.com\/#\/schema\/logo\/image\/\"}}]}<\/script>\n<!-- \/ Yoast SEO plugin. -->","yoast_head_json":{"title":"Filets d'ombrage | Plus solides et plus durables - Agralia Group","description":"Obtenez les meilleurs filets d'ombrage gr\u00e2ce \u00e0 la technologie brevet\u00e9e du groupe Agralia. Obtenez de meilleurs r\u00e9sultats dans votre production.","robots":{"index":"index","follow":"follow","max-snippet":"max-snippet:-1","max-image-preview":"max-image-preview:large","max-video-preview":"max-video-preview:-1"},"canonical":"https:\/\/dev.agraliagroup.com\/fr\/filets-ombrage\/","og_locale":"fr_FR","og_type":"article","og_title":"Filets d'ombrage | Plus solides et plus durables - Agralia Group","og_description":"Obtenez les meilleurs filets d'ombrage gr\u00e2ce \u00e0 la technologie brevet\u00e9e du groupe Agralia. Obtenez de meilleurs r\u00e9sultats dans votre production.","og_url":"https:\/\/dev.agraliagroup.com\/fr\/filets-ombrage\/","og_site_name":"Agralia Group","article_modified_time":"2021-11-01T18:08:24+00:00","og_image":[{"url":"http:\/\/dev.agraliagroup.com\/wp-content\/uploads\/2021\/09\/Agrishade-RR-50.jpg","type":"","width":"","height":""}],"twitter_card":"summary_large_image","twitter_misc":{"Dur\u00e9e de lecture estim\u00e9e":"2 minutes"},"schema":{"@context":"https:\/\/schema.org","@graph":[{"@type":"WebPage","@id":"https:\/\/dev.agraliagroup.com\/fr\/filets-ombrage\/","url":"https:\/\/dev.agraliagroup.com\/fr\/filets-ombrage\/","name":"Filets d'ombrage | Plus solides et plus durables - Agralia Group","isPartOf":{"@id":"https:\/\/dev.agraliagroup.com\/#website"},"primaryImageOfPage":{"@id":"https:\/\/dev.agraliagroup.com\/fr\/filets-ombrage\/#primaryimage"},"image":{"@id":"https:\/\/dev.agraliagroup.com\/fr\/filets-ombrage\/#primaryimage"},"thumbnailUrl":"http:\/\/dev.agraliagroup.com\/wp-content\/uploads\/2021\/09\/Agrishade-RR-50.jpg","datePublished":"2021-09-13T09:21:35+00:00","dateModified":"2021-11-01T18:08:24+00:00","description":"Obtenez les meilleurs filets d'ombrage gr\u00e2ce \u00e0 la technologie brevet\u00e9e du groupe Agralia. Obtenez de meilleurs r\u00e9sultats dans votre production.","breadcrumb":{"@id":"https:\/\/dev.agraliagroup.com\/fr\/filets-ombrage\/#breadcrumb"},"inLanguage":"fr-FR","potentialAction":[{"@type":"ReadAction","target":["https:\/\/dev.agraliagroup.com\/fr\/filets-ombrage\/"]}]},{"@type":"ImageObject","inLanguage":"fr-FR","@id":"https:\/\/dev.agraliagroup.com\/fr\/filets-ombrage\/#primaryimage","url":"http:\/\/dev.agraliagroup.com\/wp-content\/uploads\/2021\/09\/Agrishade-RR-50.jpg","contentUrl":"http:\/\/dev.agraliagroup.com\/wp-content\/uploads\/2021\/09\/Agrishade-RR-50.jpg"},{"@type":"BreadcrumbList","@id":"https:\/\/dev.agraliagroup.com\/fr\/filets-ombrage\/#breadcrumb","itemListElement":[{"@type":"ListItem","position":1,"name":"Portada","item":"https:\/\/dev.agraliagroup.com\/fr\/"},{"@type":"ListItem","position":2,"name":"Mallas de sombreo FR"}]},{"@type":"WebSite","@id":"https:\/\/dev.agraliagroup.com\/#website","url":"https:\/\/dev.agraliagroup.com\/","name":"Agralia Group","description":"Protecting crops","publisher":{"@id":"https:\/\/dev.agraliagroup.com\/#organization"},"potentialAction":[{"@type":"SearchAction","target":{"@type":"EntryPoint","urlTemplate":"https:\/\/dev.agraliagroup.com\/?s={search_term_string}"},"query-input":{"@type":"PropertyValueSpecification","valueRequired":true,"valueName":"search_term_string"}}],"inLanguage":"fr-FR"},{"@type":"Organization","@id":"https:\/\/dev.agraliagroup.com\/#organization","name":"Agralia Group","url":"https:\/\/dev.agraliagroup.com\/","logo":{"@type":"ImageObject","inLanguage":"fr-FR","@id":"https:\/\/dev.agraliagroup.com\/#\/schema\/logo\/image\/","url":"http:\/\/dev.agraliagroup.com\/wp-content\/uploads\/2021\/09\/logoico.png","contentUrl":"http:\/\/dev.agraliagroup.com\/wp-content\/uploads\/2021\/09\/logoico.png","width":350,"height":130,"caption":"Agralia Group"},"image":{"@id":"https:\/\/dev.agraliagroup.com\/#\/schema\/logo\/image\/"}}]}},"_links":{"self":[{"href":"https:\/\/dev.agraliagroup.com\/fr\/wp-json\/wp\/v2\/pages\/1373","targetHints":{"allow":["GET"]}}],"collection":[{"href":"https:\/\/dev.agraliagroup.com\/fr\/wp-json\/wp\/v2\/pages"}],"about":[{"href":"https:\/\/dev.agraliagroup.com\/fr\/wp-json\/wp\/v2\/types\/page"}],"author":[{"embeddable":true,"href":"https:\/\/dev.agraliagroup.com\/fr\/wp-json\/wp\/v2\/users\/1"}],"replies":[{"embeddable":true,"href":"https:\/\/dev.agraliagroup.com\/fr\/wp-json\/wp\/v2\/comments?post=1373"}],"version-history":[{"count":5,"href":"https:\/\/dev.agraliagroup.com\/fr\/wp-json\/wp\/v2\/pages\/1373\/revisions"}],"predecessor-version":[{"id":1454,"href":"https:\/\/dev.agraliagroup.com\/fr\/wp-json\/wp\/v2\/pages\/1373\/revisions\/1454"}],"wp:attachment":[{"href":"https:\/\/dev.agraliagroup.com\/fr\/wp-json\/wp\/v2\/media?parent=1373"}],"curies":[{"name":"wp","href":"https:\/\/api.w.org\/{rel}","templated":true}]}}