{"id":1401,"date":"2021-09-13T10:45:52","date_gmt":"2021-09-13T10:45:52","guid":{"rendered":"http:\/\/dev.agraliagroup.com\/plasticos-protectoras-para-frutales\/"},"modified":"2021-11-01T17:31:58","modified_gmt":"2021-11-01T17:31:58","slug":"plastiques-de-protection-pour-des-arbres-fruitiers","status":"publish","type":"page","link":"https:\/\/dev.agraliagroup.com\/fr\/plastiques-de-protection-pour-des-arbres-fruitiers\/","title":{"rendered":"Pl\u00e1sticos protectores para Frutales"},"content":{"rendered":"\t\t<div data-elementor-type=\"wp-page\" data-elementor-id=\"1401\" class=\"elementor elementor-1401\" data-elementor-post-type=\"page\">\n\t\t\t\t\t\t<section class=\"elementor-section elementor-top-section elementor-element elementor-element-3540d4fd elementor-section-height-min-height elementor-section-boxed elementor-section-height-default elementor-section-items-middle\" data-id=\"3540d4fd\" data-element_type=\"section\" data-e-type=\"section\" data-settings=\"{&quot;background_background&quot;:&quot;classic&quot;}\">\n\t\t\t\t\t\t<div class=\"elementor-container elementor-column-gap-default\">\n\t\t\t\t\t<div class=\"elementor-column elementor-col-50 elementor-top-column elementor-element elementor-element-4102453e\" data-id=\"4102453e\" data-element_type=\"column\" data-e-type=\"column\">\n\t\t\t<div class=\"elementor-widget-wrap\">\n\t\t\t\t\t\t\t<\/div>\n\t\t<\/div>\n\t\t\t\t<div class=\"elementor-column elementor-col-50 elementor-top-column elementor-element elementor-element-c19450\" data-id=\"c19450\" data-element_type=\"column\" data-e-type=\"column\">\n\t\t\t<div class=\"elementor-widget-wrap\">\n\t\t\t\t\t\t\t<\/div>\n\t\t<\/div>\n\t\t\t\t\t<\/div>\n\t\t<\/section>\n\t\t\t\t<section class=\"elementor-section elementor-top-section elementor-element elementor-element-5cd82119 elementor-section-boxed elementor-section-height-default elementor-section-height-default\" data-id=\"5cd82119\" data-element_type=\"section\" data-e-type=\"section\">\n\t\t\t\t\t\t<div class=\"elementor-container elementor-column-gap-default\">\n\t\t\t\t\t<div class=\"elementor-column elementor-col-50 elementor-top-column elementor-element elementor-element-91e40c2\" data-id=\"91e40c2\" data-element_type=\"column\" data-e-type=\"column\">\n\t\t\t<div class=\"elementor-widget-wrap elementor-element-populated\">\n\t\t\t\t\t\t<div class=\"elementor-element elementor-element-7228e406 elementor-widget elementor-widget-heading\" data-id=\"7228e406\" data-element_type=\"widget\" data-e-type=\"widget\" data-widget_type=\"heading.default\">\n\t\t\t\t<div class=\"elementor-widget-container\">\n\t\t\t\t\t<h1 class=\"elementor-heading-title elementor-size-default\">Plastiques de protection pour des arbres fruitiers<\/h1>\t\t\t\t<\/div>\n\t\t\t\t<\/div>\n\t\t\t\t<div class=\"elementor-element elementor-element-146f2e52 elementor-widget elementor-widget-text-editor\" data-id=\"146f2e52\" data-element_type=\"widget\" data-e-type=\"widget\" data-widget_type=\"text-editor.default\">\n\t\t\t\t<div class=\"elementor-widget-container\">\n\t\t\t\t\t\t\t\t\t<p>Maintenir une production \u00e0 100\u00a0% est un v\u00e9ritable d\u00e9fi pour les producteurs. Les dispositifs de protection pour des arbres fruitiers sont parmi les plus demand\u00e9s dans le secteur en raison de la fragilit\u00e9 de certaines cultures face aux intemp\u00e9ries.<\/p><p>Mais&#8230; <strong>comment choisir la meilleure protection pour les arbres fruitiers?<\/strong> Chez Agralia, nous nous effor\u00e7ons d&rsquo;offrir la technologie qui s&rsquo;adapte le mieux \u00e0 chaque culture, c&rsquo;est ainsi qu\u2019est n\u00e9 la protection AGRICOVER, un produit sp\u00e9cifique pour chaque situation.<\/p>\t\t\t\t\t\t\t\t<\/div>\n\t\t\t\t<\/div>\n\t\t\t\t<div class=\"elementor-element elementor-element-5350e58 elementor-widget elementor-widget-button\" data-id=\"5350e58\" data-element_type=\"widget\" data-e-type=\"widget\" data-widget_type=\"button.default\">\n\t\t\t\t<div class=\"elementor-widget-container\">\n\t\t\t\t\t\t\t\t\t<div class=\"elementor-button-wrapper\">\n\t\t\t\t\t<a class=\"elementor-button elementor-button-link elementor-size-sm\" href=\"#asesoramiento\">\n\t\t\t\t\t\t<span class=\"elementor-button-content-wrapper\">\n\t\t\t\t\t\t\t\t\t<span class=\"elementor-button-text\">Je souhaite m\u2019informer<\/span>\n\t\t\t\t\t<\/span>\n\t\t\t\t\t<\/a>\n\t\t\t\t<\/div>\n\t\t\t\t\t\t\t\t<\/div>\n\t\t\t\t<\/div>\n\t\t\t\t\t<\/div>\n\t\t<\/div>\n\t\t\t\t<div class=\"elementor-column elementor-col-50 elementor-top-column elementor-element elementor-element-60931a93\" data-id=\"60931a93\" data-element_type=\"column\" data-e-type=\"column\" data-settings=\"{&quot;background_background&quot;:&quot;classic&quot;}\">\n\t\t\t<div class=\"elementor-widget-wrap\">\n\t\t\t\t\t\t\t<\/div>\n\t\t<\/div>\n\t\t\t\t\t<\/div>\n\t\t<\/section>\n\t\t\t\t<section class=\"elementor-section elementor-top-section elementor-element elementor-element-d95c885 elementor-section-boxed elementor-section-height-default elementor-section-height-default\" data-id=\"d95c885\" data-element_type=\"section\" data-e-type=\"section\" data-settings=\"{&quot;background_background&quot;:&quot;classic&quot;}\">\n\t\t\t\t\t\t<div class=\"elementor-container elementor-column-gap-default\">\n\t\t\t\t\t<div class=\"elementor-column elementor-col-50 elementor-top-column elementor-element elementor-element-6bae71c7\" data-id=\"6bae71c7\" data-element_type=\"column\" data-e-type=\"column\" data-settings=\"{&quot;background_background&quot;:&quot;classic&quot;}\">\n\t\t\t<div class=\"elementor-widget-wrap\">\n\t\t\t\t\t\t\t<\/div>\n\t\t<\/div>\n\t\t\t\t<div class=\"elementor-column elementor-col-50 elementor-top-column elementor-element elementor-element-65311e4c\" data-id=\"65311e4c\" data-element_type=\"column\" data-e-type=\"column\">\n\t\t\t<div class=\"elementor-widget-wrap elementor-element-populated\">\n\t\t\t\t\t\t<div class=\"elementor-element elementor-element-6dc2d323 elementor-widget elementor-widget-heading\" data-id=\"6dc2d323\" data-element_type=\"widget\" data-e-type=\"widget\" data-widget_type=\"heading.default\">\n\t\t\t\t<div class=\"elementor-widget-container\">\n\t\t\t\t\t<h2 class=\"elementor-heading-title elementor-size-default\">Avantages des filets plastiques et de protection pour les arbres fruitiers<\/h2>\t\t\t\t<\/div>\n\t\t\t\t<\/div>\n\t\t\t\t<div class=\"elementor-element elementor-element-23884397 elementor-widget elementor-widget-text-editor\" data-id=\"23884397\" data-element_type=\"widget\" data-e-type=\"widget\" data-widget_type=\"text-editor.default\">\n\t\t\t\t<div class=\"elementor-widget-container\">\n\t\t\t\t\t\t\t\t\t<div class=\"h-text h-text-component style-2706 style-local-6782-c19 position-relative h-element\" data-colibri-id=\"6782-c19\"><div class=\"\"><div class=\"h-text h-text-component style-2606 style-local-6578-c17 position-relative h-element\" data-colibri-id=\"6578-c17\"><div class=\"\"><p>En plus d\u2019optimiser la r\u00e9colte, nous obtenons une protection ad\u00e9quate contre les oiseaux, \u00e9tant dans de nombreuses r\u00e9gions les <strong>filets anti-oiseaux <\/strong>pour arbres fruitiers les plus demand\u00e9s.<\/p><p>En outre, il est important d&rsquo;avoir des <strong>filets anti-gr\u00eale<\/strong>, car en \u00e9t\u00e9, ces orages soudains peuvent \u00eatre une grande aggravation pour les agriculteurs.<\/p><p>Dans le cas des <strong>couvertures d&rsquo;arbres d&rsquo;Agralia<\/strong>, chaque mod\u00e8le a une valeur ajout\u00e9e qui en fait l&rsquo;un des produits les plus attrayants du march\u00e9 pour sa durabilit\u00e9, sa r\u00e9sistance, son filtrage des UV et ses caract\u00e9ristiques techniques que nous vous invitons \u00e0 d\u00e9couvrir dans chaque mod\u00e8le.<\/p><\/div><\/div><div class=\"h-text h-text-component style-2614 style-local-6578-c18 position-relative h-element\" data-colibri-id=\"6578-c18\"><div class=\"\"><p><a href=\"\/fr\/agricover\/#agricover-ftt\" target=\"_blank\" rel=\"noopener\"><strong><span style=\"color: #68af15;\"><u>AGRICOVER FTT<\/u><\/span><\/strong><\/a>. Dispositifs de protection contre la pluie et la gr\u00eale.<\/p><p><strong><span style=\"color: #68af15;\"><a style=\"color: #68af15;\" href=\"\/fr\/agricover\/#agricover-l\" target=\"_blank\" rel=\"noopener\"><u>AGRICOVER L<\/u><\/a><\/span><\/strong>. Con\u00e7u pour prot\u00e9ger les c\u00f4t\u00e9s des serres.<\/p><p><a draggable=\"false\" href=\"\/fr\/agricover\/#agricover-r\" target=\"_blank\" rel=\"noopener\"><strong><span style=\"color: #68af15;\"><u>AGRICOVER R<\/u>\u00a0<\/span><\/strong><\/a>. Haute r\u00e9sistance, il prot\u00e8ge m\u00eame les cultures les plus fragiles comme les fruits rouges.<\/p><p><a href=\"\/fr\/agricover\/#agricover-u\" target=\"_blank\" rel=\"noopener\"><strong><span style=\"color: #68af15;\"><u>AGRICOVER U<\/u><\/span><\/strong><\/a>. Sp\u00e9cialement con\u00e7u pour les cultures de raisins de table<\/p><p><strong><span style=\"color: #68af15;\"><a style=\"color: #68af15;\" href=\"\/fr\/agricover\/#agricover-ps\" target=\"_blank\" rel=\"noopener\"><u>AGRICOVER PS<\/u><\/a><\/span><\/strong>. \u00c9cran solaire pour les cultures de couverture.<\/p><\/div><\/div><\/div><\/div>\t\t\t\t\t\t\t\t<\/div>\n\t\t\t\t<\/div>\n\t\t\t\t\t<\/div>\n\t\t<\/div>\n\t\t\t\t\t<\/div>\n\t\t<\/section>\n\t\t\t\t<section class=\"elementor-section elementor-top-section elementor-element elementor-element-411a5461 elementor-section-boxed elementor-section-height-default elementor-section-height-default\" data-id=\"411a5461\" data-element_type=\"section\" data-e-type=\"section\" data-settings=\"{&quot;background_background&quot;:&quot;classic&quot;,&quot;background_motion_fx_motion_fx_scrolling&quot;:&quot;yes&quot;,&quot;background_motion_fx_translateY_effect&quot;:&quot;yes&quot;,&quot;background_motion_fx_translateY_speed&quot;:{&quot;unit&quot;:&quot;px&quot;,&quot;size&quot;:4,&quot;sizes&quot;:[]},&quot;background_motion_fx_translateY_affectedRange&quot;:{&quot;unit&quot;:&quot;%&quot;,&quot;size&quot;:&quot;&quot;,&quot;sizes&quot;:{&quot;start&quot;:0,&quot;end&quot;:100}},&quot;background_motion_fx_devices&quot;:[&quot;desktop&quot;,&quot;tablet&quot;,&quot;mobile&quot;]}\">\n\t\t\t\t\t\t\t<div class=\"elementor-background-overlay\"><\/div>\n\t\t\t\t\t\t\t<div class=\"elementor-container elementor-column-gap-default\">\n\t\t\t\t\t<div class=\"elementor-column elementor-col-50 elementor-top-column elementor-element elementor-element-29741edb\" data-id=\"29741edb\" data-element_type=\"column\" data-e-type=\"column\" data-settings=\"{&quot;background_background&quot;:&quot;classic&quot;}\">\n\t\t\t<div class=\"elementor-widget-wrap elementor-element-populated\">\n\t\t\t\t\t\t<div class=\"elementor-element elementor-element-78812f05 elementor-widget elementor-widget-text-editor\" data-id=\"78812f05\" data-element_type=\"widget\" data-e-type=\"widget\" data-widget_type=\"text-editor.default\">\n\t\t\t\t<div class=\"elementor-widget-container\">\n\t\t\t\t\t\t\t\t\t<p>Formulaire de contact<\/p>\t\t\t\t\t\t\t\t<\/div>\n\t\t\t\t<\/div>\n\t\t\t\t<div class=\"elementor-element elementor-element-7f12c8fd elementor-view-framed elementor-shape-circle elementor-widget elementor-widget-icon\" data-id=\"7f12c8fd\" data-element_type=\"widget\" data-e-type=\"widget\" data-widget_type=\"icon.default\">\n\t\t\t\t<div class=\"elementor-widget-container\">\n\t\t\t\t\t\t\t<div class=\"elementor-icon-wrapper\">\n\t\t\t<div class=\"elementor-icon\">\n\t\t\t<i aria-hidden=\"true\" class=\"fas fa-binoculars\"><\/i>\t\t\t<\/div>\n\t\t<\/div>\n\t\t\t\t\t\t<\/div>\n\t\t\t\t<\/div>\n\t\t\t\t\t<\/div>\n\t\t<\/div>\n\t\t\t\t<div class=\"elementor-column elementor-col-50 elementor-top-column elementor-element elementor-element-44347fd\" data-id=\"44347fd\" data-element_type=\"column\" data-e-type=\"column\" data-settings=\"{&quot;background_background&quot;:&quot;classic&quot;}\">\n\t\t\t<div class=\"elementor-widget-wrap elementor-element-populated\">\n\t\t\t\t\t\t<div class=\"elementor-element elementor-element-e13c646 elementor-widget elementor-widget-heading\" data-id=\"e13c646\" data-element_type=\"widget\" data-e-type=\"widget\" id=\"asesoramiento\" data-widget_type=\"heading.default\">\n\t\t\t\t<div class=\"elementor-widget-container\">\n\t\t\t\t\t<h2 class=\"elementor-heading-title elementor-size-default\">Avez-vous besoin de conseils?<\/h2>\t\t\t\t<\/div>\n\t\t\t\t<\/div>\n\t\t\t\t<div class=\"elementor-element elementor-element-30a1d8f3 elementor-widget elementor-widget-text-editor\" data-id=\"30a1d8f3\" data-element_type=\"widget\" data-e-type=\"widget\" data-widget_type=\"text-editor.default\">\n\t\t\t\t<div class=\"elementor-widget-container\">\n\t\t\t\t\t\t\t\t\t<p>Remplissez le formulaire de contact et notre \u00e9quipe r\u00e9pondra \u00e0 vos questions et \u00e0 vos besoins de mani\u00e8re personnalis\u00e9e.<\/p>\t\t\t\t\t\t\t\t<\/div>\n\t\t\t\t<\/div>\n\t\t\t\t<div class=\"elementor-element elementor-element-30d24d9 elementor-button-align-end elementor-widget elementor-widget-form\" data-id=\"30d24d9\" data-element_type=\"widget\" data-e-type=\"widget\" data-settings=\"{&quot;step_next_label&quot;:&quot;Next&quot;,&quot;step_previous_label&quot;:&quot;Previous&quot;,&quot;button_width&quot;:&quot;100&quot;,&quot;step_type&quot;:&quot;number_text&quot;,&quot;step_icon_shape&quot;:&quot;circle&quot;}\" data-widget_type=\"form.default\">\n\t\t\t\t<div class=\"elementor-widget-container\">\n\t\t\t\t\t\t\t<form class=\"elementor-form\" method=\"post\" name=\"New Form\" aria-label=\"New Form\">\n\t\t\t<input type=\"hidden\" name=\"post_id\" value=\"1401\"\/>\n\t\t\t<input type=\"hidden\" name=\"form_id\" value=\"30d24d9\"\/>\n\t\t\t<input type=\"hidden\" name=\"referer_title\" value=\"Agralia Group\" \/>\n\n\t\t\t\n\t\t\t<div class=\"elementor-form-fields-wrapper elementor-labels-above\">\n\t\t\t\t\t\t\t\t<div class=\"elementor-field-type-text elementor-field-group elementor-column elementor-field-group-name elementor-col-100 elementor-field-required\">\n\t\t\t\t\t\t\t\t\t\t\t\t<label for=\"form-field-name\" class=\"elementor-field-label\">\n\t\t\t\t\t\t\t\tNom (Obligatoire)\t\t\t\t\t\t\t<\/label>\n\t\t\t\t\t\t\t\t\t\t\t\t\t\t<input size=\"1\" type=\"text\" name=\"form_fields[name]\" id=\"form-field-name\" class=\"elementor-field elementor-size-sm  elementor-field-textual\" required=\"required\">\n\t\t\t\t\t\t\t\t\t\t\t<\/div>\n\t\t\t\t\t\t\t\t<div class=\"elementor-field-type-email elementor-field-group elementor-column elementor-field-group-email elementor-col-100 elementor-field-required\">\n\t\t\t\t\t\t\t\t\t\t\t\t<label for=\"form-field-email\" class=\"elementor-field-label\">\n\t\t\t\t\t\t\t\tCourrier (Obligatoire)\t\t\t\t\t\t\t<\/label>\n\t\t\t\t\t\t\t\t\t\t\t\t\t\t<input size=\"1\" type=\"email\" name=\"form_fields[email]\" id=\"form-field-email\" class=\"elementor-field elementor-size-sm  elementor-field-textual\" required=\"required\">\n\t\t\t\t\t\t\t\t\t\t\t<\/div>\n\t\t\t\t\t\t\t\t<div class=\"elementor-field-type-number elementor-field-group elementor-column elementor-field-group-field_0a5665b elementor-col-100\">\n\t\t\t\t\t\t\t\t\t\t\t\t<label for=\"form-field-field_0a5665b\" class=\"elementor-field-label\">\n\t\t\t\t\t\t\t\tT\u00e9l\u00e9phone (Obligatoire)\t\t\t\t\t\t\t<\/label>\n\t\t\t\t\t\t\t\t\t<input type=\"number\" name=\"form_fields[field_0a5665b]\" id=\"form-field-field_0a5665b\" class=\"elementor-field elementor-size-sm  elementor-field-textual\" min=\"\" max=\"\" >\n\t\t\t\t\t\t<\/div>\n\t\t\t\t\t\t\t\t<div class=\"elementor-field-type-text elementor-field-group elementor-column elementor-field-group-field_1548e75 elementor-col-100\">\n\t\t\t\t\t\t\t\t\t\t\t\t<label for=\"form-field-field_1548e75\" class=\"elementor-field-label\">\n\t\t\t\t\t\t\t\tSujet\t\t\t\t\t\t\t<\/label>\n\t\t\t\t\t\t\t\t\t\t\t\t\t\t<input size=\"1\" type=\"text\" name=\"form_fields[field_1548e75]\" id=\"form-field-field_1548e75\" class=\"elementor-field elementor-size-sm  elementor-field-textual\">\n\t\t\t\t\t\t\t\t\t\t\t<\/div>\n\t\t\t\t\t\t\t\t<div class=\"elementor-field-type-textarea elementor-field-group elementor-column elementor-field-group-message elementor-col-100\">\n\t\t\t\t\t\t\t\t\t\t\t\t<label for=\"form-field-message\" class=\"elementor-field-label\">\n\t\t\t\t\t\t\t\tVotre message\t\t\t\t\t\t\t<\/label>\n\t\t\t\t\t\t<textarea class=\"elementor-field-textual elementor-field  elementor-size-sm\" name=\"form_fields[message]\" id=\"form-field-message\" rows=\"4\"><\/textarea>\t\t\t\t<\/div>\n\t\t\t\t\t\t\t\t<div class=\"elementor-field-group elementor-column elementor-field-type-submit elementor-col-100 e-form__buttons\">\n\t\t\t\t\t<button class=\"elementor-button elementor-size-sm\" type=\"submit\">\n\t\t\t\t\t\t<span class=\"elementor-button-content-wrapper\">\n\t\t\t\t\t\t\t\t\t\t\t\t\t\t\t\t\t\t\t\t\t\t<span class=\"elementor-button-text\">Envoyer<\/span>\n\t\t\t\t\t\t\t\t\t\t\t\t\t<\/span>\n\t\t\t\t\t<\/button>\n\t\t\t\t<\/div>\n\t\t\t<\/div>\n\t\t<\/form>\n\t\t\t\t\t\t<\/div>\n\t\t\t\t<\/div>\n\t\t\t\t\t<\/div>\n\t\t<\/div>\n\t\t\t\t\t<\/div>\n\t\t<\/section>\n\t\t\t\t<\/div>\n\t\t","protected":false},"excerpt":{"rendered":"<p>Plastiques de protection pour des arbres fruitiers Maintenir une production \u00e0 100\u00a0% est un v\u00e9ritable d\u00e9fi pour les producteurs. Les dispositifs de protection pour des arbres fruitiers sont parmi les plus demand\u00e9s dans le secteur en raison de la fragilit\u00e9 de certaines cultures face aux intemp\u00e9ries. Mais&#8230; comment choisir la meilleure protection pour les arbres &#8230; <a title=\"Pl\u00e1sticos protectores para Frutales\" class=\"read-more\" href=\"https:\/\/dev.agraliagroup.com\/fr\/plastiques-de-protection-pour-des-arbres-fruitiers\/\" aria-label=\"En savoir plus sur Pl\u00e1sticos protectores para Frutales\">Lire la suite<\/a><\/p>\n","protected":false},"author":1,"featured_media":0,"parent":0,"menu_order":0,"comment_status":"closed","ping_status":"closed","template":"","meta":{"footnotes":""},"class_list":["post-1401","page","type-page","status-publish"],"yoast_head":"<!-- This site is optimized with the Yoast SEO plugin v26.2 - https:\/\/yoast.com\/wordpress\/plugins\/seo\/ -->\n<title>Plastiques de protection pour des arbres fruitiers - Agralia Group<\/title>\n<meta name=\"description\" content=\"Agricover est la derni\u00e8re innovation en mati\u00e8re de protections et de filets agricoles pour les arbres fruitiers. Nos experts vous conseilleront en fonction de vos besoins.\" \/>\n<meta name=\"robots\" content=\"index, follow, max-snippet:-1, max-image-preview:large, max-video-preview:-1\" \/>\n<link rel=\"canonical\" href=\"https:\/\/dev.agraliagroup.com\/fr\/plastiques-de-protection-pour-des-arbres-fruitiers\/\" \/>\n<meta property=\"og:locale\" content=\"fr_FR\" \/>\n<meta property=\"og:type\" content=\"article\" \/>\n<meta property=\"og:title\" content=\"Plastiques de protection pour des arbres fruitiers - Agralia Group\" \/>\n<meta property=\"og:description\" content=\"Agricover est la derni\u00e8re innovation en mati\u00e8re de protections et de filets agricoles pour les arbres fruitiers. Nos experts vous conseilleront en fonction de vos besoins.\" \/>\n<meta property=\"og:url\" content=\"https:\/\/dev.agraliagroup.com\/fr\/plastiques-de-protection-pour-des-arbres-fruitiers\/\" \/>\n<meta property=\"og:site_name\" content=\"Agralia Group\" \/>\n<meta property=\"article:modified_time\" content=\"2021-11-01T17:31:58+00:00\" \/>\n<meta name=\"twitter:card\" content=\"summary_large_image\" \/>\n<meta name=\"twitter:label1\" content=\"Dur\u00e9e de lecture estim\u00e9e\" \/>\n\t<meta name=\"twitter:data1\" content=\"2 minutes\" \/>\n<script type=\"application\/ld+json\" class=\"yoast-schema-graph\">{\"@context\":\"https:\/\/schema.org\",\"@graph\":[{\"@type\":\"WebPage\",\"@id\":\"https:\/\/dev.agraliagroup.com\/fr\/plastiques-de-protection-pour-des-arbres-fruitiers\/\",\"url\":\"https:\/\/dev.agraliagroup.com\/fr\/plastiques-de-protection-pour-des-arbres-fruitiers\/\",\"name\":\"Plastiques de protection pour des arbres fruitiers - Agralia Group\",\"isPartOf\":{\"@id\":\"https:\/\/dev.agraliagroup.com\/#website\"},\"datePublished\":\"2021-09-13T10:45:52+00:00\",\"dateModified\":\"2021-11-01T17:31:58+00:00\",\"description\":\"Agricover est la derni\u00e8re innovation en mati\u00e8re de protections et de filets agricoles pour les arbres fruitiers. Nos experts vous conseilleront en fonction de vos besoins.\",\"breadcrumb\":{\"@id\":\"https:\/\/dev.agraliagroup.com\/fr\/plastiques-de-protection-pour-des-arbres-fruitiers\/#breadcrumb\"},\"inLanguage\":\"fr-FR\",\"potentialAction\":[{\"@type\":\"ReadAction\",\"target\":[\"https:\/\/dev.agraliagroup.com\/fr\/plastiques-de-protection-pour-des-arbres-fruitiers\/\"]}]},{\"@type\":\"BreadcrumbList\",\"@id\":\"https:\/\/dev.agraliagroup.com\/fr\/plastiques-de-protection-pour-des-arbres-fruitiers\/#breadcrumb\",\"itemListElement\":[{\"@type\":\"ListItem\",\"position\":1,\"name\":\"Portada\",\"item\":\"https:\/\/dev.agraliagroup.com\/fr\/\"},{\"@type\":\"ListItem\",\"position\":2,\"name\":\"Pl\u00e1sticos protectores para Frutales\"}]},{\"@type\":\"WebSite\",\"@id\":\"https:\/\/dev.agraliagroup.com\/#website\",\"url\":\"https:\/\/dev.agraliagroup.com\/\",\"name\":\"Agralia Group\",\"description\":\"Protecting crops\",\"publisher\":{\"@id\":\"https:\/\/dev.agraliagroup.com\/#organization\"},\"potentialAction\":[{\"@type\":\"SearchAction\",\"target\":{\"@type\":\"EntryPoint\",\"urlTemplate\":\"https:\/\/dev.agraliagroup.com\/?s={search_term_string}\"},\"query-input\":{\"@type\":\"PropertyValueSpecification\",\"valueRequired\":true,\"valueName\":\"search_term_string\"}}],\"inLanguage\":\"fr-FR\"},{\"@type\":\"Organization\",\"@id\":\"https:\/\/dev.agraliagroup.com\/#organization\",\"name\":\"Agralia Group\",\"url\":\"https:\/\/dev.agraliagroup.com\/\",\"logo\":{\"@type\":\"ImageObject\",\"inLanguage\":\"fr-FR\",\"@id\":\"https:\/\/dev.agraliagroup.com\/#\/schema\/logo\/image\/\",\"url\":\"http:\/\/dev.agraliagroup.com\/wp-content\/uploads\/2021\/09\/logoico.png\",\"contentUrl\":\"http:\/\/dev.agraliagroup.com\/wp-content\/uploads\/2021\/09\/logoico.png\",\"width\":350,\"height\":130,\"caption\":\"Agralia Group\"},\"image\":{\"@id\":\"https:\/\/dev.agraliagroup.com\/#\/schema\/logo\/image\/\"}}]}<\/script>\n<!-- \/ Yoast SEO plugin. -->","yoast_head_json":{"title":"Plastiques de protection pour des arbres fruitiers - Agralia Group","description":"Agricover est la derni\u00e8re innovation en mati\u00e8re de protections et de filets agricoles pour les arbres fruitiers. Nos experts vous conseilleront en fonction de vos besoins.","robots":{"index":"index","follow":"follow","max-snippet":"max-snippet:-1","max-image-preview":"max-image-preview:large","max-video-preview":"max-video-preview:-1"},"canonical":"https:\/\/dev.agraliagroup.com\/fr\/plastiques-de-protection-pour-des-arbres-fruitiers\/","og_locale":"fr_FR","og_type":"article","og_title":"Plastiques de protection pour des arbres fruitiers - Agralia Group","og_description":"Agricover est la derni\u00e8re innovation en mati\u00e8re de protections et de filets agricoles pour les arbres fruitiers. Nos experts vous conseilleront en fonction de vos besoins.","og_url":"https:\/\/dev.agraliagroup.com\/fr\/plastiques-de-protection-pour-des-arbres-fruitiers\/","og_site_name":"Agralia Group","article_modified_time":"2021-11-01T17:31:58+00:00","twitter_card":"summary_large_image","twitter_misc":{"Dur\u00e9e de lecture estim\u00e9e":"2 minutes"},"schema":{"@context":"https:\/\/schema.org","@graph":[{"@type":"WebPage","@id":"https:\/\/dev.agraliagroup.com\/fr\/plastiques-de-protection-pour-des-arbres-fruitiers\/","url":"https:\/\/dev.agraliagroup.com\/fr\/plastiques-de-protection-pour-des-arbres-fruitiers\/","name":"Plastiques de protection pour des arbres fruitiers - Agralia Group","isPartOf":{"@id":"https:\/\/dev.agraliagroup.com\/#website"},"datePublished":"2021-09-13T10:45:52+00:00","dateModified":"2021-11-01T17:31:58+00:00","description":"Agricover est la derni\u00e8re innovation en mati\u00e8re de protections et de filets agricoles pour les arbres fruitiers. Nos experts vous conseilleront en fonction de vos besoins.","breadcrumb":{"@id":"https:\/\/dev.agraliagroup.com\/fr\/plastiques-de-protection-pour-des-arbres-fruitiers\/#breadcrumb"},"inLanguage":"fr-FR","potentialAction":[{"@type":"ReadAction","target":["https:\/\/dev.agraliagroup.com\/fr\/plastiques-de-protection-pour-des-arbres-fruitiers\/"]}]},{"@type":"BreadcrumbList","@id":"https:\/\/dev.agraliagroup.com\/fr\/plastiques-de-protection-pour-des-arbres-fruitiers\/#breadcrumb","itemListElement":[{"@type":"ListItem","position":1,"name":"Portada","item":"https:\/\/dev.agraliagroup.com\/fr\/"},{"@type":"ListItem","position":2,"name":"Pl\u00e1sticos protectores para Frutales"}]},{"@type":"WebSite","@id":"https:\/\/dev.agraliagroup.com\/#website","url":"https:\/\/dev.agraliagroup.com\/","name":"Agralia Group","description":"Protecting crops","publisher":{"@id":"https:\/\/dev.agraliagroup.com\/#organization"},"potentialAction":[{"@type":"SearchAction","target":{"@type":"EntryPoint","urlTemplate":"https:\/\/dev.agraliagroup.com\/?s={search_term_string}"},"query-input":{"@type":"PropertyValueSpecification","valueRequired":true,"valueName":"search_term_string"}}],"inLanguage":"fr-FR"},{"@type":"Organization","@id":"https:\/\/dev.agraliagroup.com\/#organization","name":"Agralia Group","url":"https:\/\/dev.agraliagroup.com\/","logo":{"@type":"ImageObject","inLanguage":"fr-FR","@id":"https:\/\/dev.agraliagroup.com\/#\/schema\/logo\/image\/","url":"http:\/\/dev.agraliagroup.com\/wp-content\/uploads\/2021\/09\/logoico.png","contentUrl":"http:\/\/dev.agraliagroup.com\/wp-content\/uploads\/2021\/09\/logoico.png","width":350,"height":130,"caption":"Agralia Group"},"image":{"@id":"https:\/\/dev.agraliagroup.com\/#\/schema\/logo\/image\/"}}]}},"_links":{"self":[{"href":"https:\/\/dev.agraliagroup.com\/fr\/wp-json\/wp\/v2\/pages\/1401","targetHints":{"allow":["GET"]}}],"collection":[{"href":"https:\/\/dev.agraliagroup.com\/fr\/wp-json\/wp\/v2\/pages"}],"about":[{"href":"https:\/\/dev.agraliagroup.com\/fr\/wp-json\/wp\/v2\/types\/page"}],"author":[{"embeddable":true,"href":"https:\/\/dev.agraliagroup.com\/fr\/wp-json\/wp\/v2\/users\/1"}],"replies":[{"embeddable":true,"href":"https:\/\/dev.agraliagroup.com\/fr\/wp-json\/wp\/v2\/comments?post=1401"}],"version-history":[{"count":5,"href":"https:\/\/dev.agraliagroup.com\/fr\/wp-json\/wp\/v2\/pages\/1401\/revisions"}],"predecessor-version":[{"id":1407,"href":"https:\/\/dev.agraliagroup.com\/fr\/wp-json\/wp\/v2\/pages\/1401\/revisions\/1407"}],"wp:attachment":[{"href":"https:\/\/dev.agraliagroup.com\/fr\/wp-json\/wp\/v2\/media?parent=1401"}],"curies":[{"name":"wp","href":"https:\/\/api.w.org\/{rel}","templated":true}]}}